{"id":3878,"date":"2025-12-31T13:53:20","date_gmt":"2025-12-31T12:53:20","guid":{"rendered":"https:\/\/lebensart-ulrich.de\/home\/?page_id=3878"},"modified":"2026-03-12T08:11:01","modified_gmt":"2026-03-12T07:11:01","slug":"ueber-mich-neu","status":"publish","type":"page","link":"https:\/\/lebensart-ulrich.de\/home\/ueber-mich-neu\/","title":{"rendered":"Alexandra Ulrich VITA"},"content":{"rendered":"\n<p class=\"has-text-align-center\"><\/p>\n\n\n\n<div class=\"wp-block-cover\"><img loading=\"lazy\" decoding=\"async\" width=\"2560\" height=\"1920\" class=\"wp-block-cover__image-background wp-image-2227\" alt=\"\" src=\"https:\/\/lebensart-ulrich.de\/wp-content\/uploads\/2023\/10\/20230403_162818-scaled.jpg\" data-object-fit=\"cover\" srcset=\"https:\/\/lebensart-ulrich.de\/wp-content\/uploads\/2023\/10\/20230403_162818-scaled.jpg 2560w, https:\/\/lebensart-ulrich.de\/wp-content\/uploads\/2023\/10\/20230403_162818-300x225.jpg 300w, https:\/\/lebensart-ulrich.de\/wp-content\/uploads\/2023\/10\/20230403_162818-1024x768.jpg 1024w, https:\/\/lebensart-ulrich.de\/wp-content\/uploads\/2023\/10\/20230403_162818-768x576.jpg 768w, https:\/\/lebensart-ulrich.de\/wp-content\/uploads\/2023\/10\/20230403_162818-1536x1152.jpg 1536w, https:\/\/lebensart-ulrich.de\/wp-content\/uploads\/2023\/10\/20230403_162818-2048x1536.jpg 2048w\" sizes=\"auto, (max-width: 2560px) 100vw, 2560px\" \/><span aria-hidden=\"true\" class=\"wp-block-cover__background has-background-dim-20 has-background-dim\"><\/span><div class=\"wp-block-cover__inner-container is-layout-flow wp-block-cover-is-layout-flow\">\n<p class=\"has-text-align-center has-large-font-size\">Die Kunst spiegelt das Leben.<br>Das Leben spiegelt die Kunst.<\/p>\n<\/div><\/div>\n\n\n\n<p><\/p>\n\n\n\n<p><\/p>\n\n\n\n<p class=\"has-text-align-center\"><strong>Die Kunst der Verbundenheit<\/strong> <\/p>\n\n\n\n<p class=\"has-text-align-center\">Die Natur ist mein Atelier, mein R\u00fcckzugsort und meine gr\u00f6\u00dfte Lehrmeisterin.<\/p>\n\n\n\n<p>Als Freigeist und Vision\u00e4rin habe ich schon fr\u00fch gelernt, dass wahre Sch\u00f6nheit dort entsteht, wo wir Raum zur Entfaltung finden und diesen nutzen. <br><br>Nach \u00fcber einem Jahrzehnt im medizinischen Bereich f\u00fchrten mich meine Kinder zur\u00fcck zu meinen kreativen Wurzeln.<\/p>\n\n\n\n<p>Was als Wiederentdeckung der Malerei begann, entwickelte sich schnell zu einer tiefen Leidenschaft. Heute verschmelzen meine Liebe zur Natur, das Spiel des nat\u00fcrlichen Lichts und organische Materialien auf der Leinwand zu einer Einheit.<br>F\u00fcr mich ist jedes Bild ein Spiegel der Seele. Meine Arbeit ist gepr\u00e4gt von Intuition und dem Mut, dem flie\u00dfenden Prozess des Lebens zu vertrauen. <\/p>\n\n\n\n<p>Dieser wundervolle Entwicklungsprozess wirkt sich auch auf die ART und Weise aus, wie ich male.<\/p>\n\n\n\n<p>Ich fing an, das Malen als eine Erweiterung meines Lebens zu nutzen.<\/p>\n\n\n\n<p>In meinen Werken lade ich Sie ein, die Harmonie von Natur, Leben und Seele neu zu entdecken \u2013 eingefangen in Farbe und Licht.<\/p>\n\n\n\n<figure class=\"wp-block-image aligncenter size-full\"><img loading=\"lazy\" decoding=\"async\" width=\"1947\" height=\"2560\" src=\"https:\/\/lebensart-ulrich.de\/wp-content\/uploads\/2023\/11\/Alexandra-Ulrich-scaled.jpg\" alt=\"\" class=\"wp-image-2317\" srcset=\"https:\/\/lebensart-ulrich.de\/wp-content\/uploads\/2023\/11\/Alexandra-Ulrich-scaled.jpg 1947w, https:\/\/lebensart-ulrich.de\/wp-content\/uploads\/2023\/11\/Alexandra-Ulrich-228x300.jpg 228w, https:\/\/lebensart-ulrich.de\/wp-content\/uploads\/2023\/11\/Alexandra-Ulrich-779x1024.jpg 779w, https:\/\/lebensart-ulrich.de\/wp-content\/uploads\/2023\/11\/Alexandra-Ulrich-768x1010.jpg 768w, https:\/\/lebensart-ulrich.de\/wp-content\/uploads\/2023\/11\/Alexandra-Ulrich-1168x1536.jpg 1168w, https:\/\/lebensart-ulrich.de\/wp-content\/uploads\/2023\/11\/Alexandra-Ulrich-1558x2048.jpg 1558w\" sizes=\"auto, (max-width: 1947px) 100vw, 1947px\" \/><\/figure>\n\n\n\n<p><\/p>\n\n\n\n<p><strong>Mein beruflicher Werdegang<\/strong><br><br>Mein Weg ist gepr\u00e4gt von der Verbindung aus fundierter medizinischer Fachkompetenz, ganzheitlicher Gesundheitsf\u00f6rderung und kreativem Ausdruck. Diese vielf\u00e4ltigen Erfahrungen flie\u00dfen heute in meine Arbeit bei LebensART ein.<\/p>\n\n\n\n<p><strong>Medizinische Basis &amp; Ganzheitliche Gesundheit<\/strong><br><br><strong>Medizinische Fachexpertise<\/strong>: Abgeschlossene Ausbildung zur Medizinischen Fachangestellten mit zehnj\u00e4hriger Berufserfahrung und Erhalt eines Stipendiums f\u00fcr herausragende Leistung Nord-Baden.<br><br><strong>Ern\u00e4hrung &amp; Vitalit\u00e4t: <\/strong>Erfolgreicher Abschluss des Fern-Studiengangs zur Ern\u00e4hrungs-, Di\u00e4t- und Vitalstoffberaterin (freiberuflich t\u00e4tig von 2017 bis 2022).<br><br><strong>Therapeutische Weiterbildungen:<\/strong> Zertifizierte K-Taping Therapeutin, Seminarleiterin f\u00fcr Progressive Muskelentspannung, Bioresonanz-Therapeutin.<br><br><strong>Pr\u00e4vention &amp; Coaching:<\/strong> Mental-Coach mit den Schwerpunkten Stress-Management und Burn-Out-Pr\u00e4vention, Seminarleiterin f\u00fcr Waldbaden, Naturtherapie, Atemarbeit<br><br><strong>Gesundheitsf\u00f6rderung:<\/strong> T\u00e4tig als Gesundheitsf\u00f6rderin f\u00fcr Grundschulen \u00fcber Klasse2000 (2017\u20132021).<\/p>\n\n\n\n<p><\/p>\n\n\n\n<p class=\"has-text-align-center\"><br><strong>Kunst &amp; Achtsamkeit<\/strong><\/p>\n\n\n\n<p><br>Seit einigen Jahren verbinde ich meine therapeutischen Ans\u00e4tze mit der Leidenschaft f\u00fcr die Kunst:<\/p>\n\n\n\n<p><strong>Kreative Begleitung:<\/strong> Kunsttherapie-Praktikerin, Intuitiven Malbegleiterin und Anbieterin von Achtsamkeitskursen im Bereich Kunst.<br><br><strong>K\u00fcnstlerisches Wirken:<\/strong> Aktive K\u00fcnstlerin mit regelm\u00e4\u00dfiger Ausstellungst\u00e4tigkeit <br><br><strong>Netzwerk:<\/strong> Seit 2025 Mitglied im Arbeitskreis Kunstpromenade Schwetzingen, Mitglied im Kunstverein Hockenheim<\/p>\n\n\n\n<p><br>Im Jahr 2022 erfolgte die Wiederer\u00f6ffnung unter dem Namen LebensART, wo ich heute all diese Kompetenzen vereine, um Menschen ganzheitlich und kreativ zu begleiten.<\/p>\n\n\n\n<blockquote class=\"wp-block-quote is-layout-flow wp-block-quote-is-layout-flow\">\n<div class=\"wp-block-cover\"><img loading=\"lazy\" decoding=\"async\" width=\"1024\" height=\"768\" class=\"wp-block-cover__image-background wp-image-2240\" alt=\"\" src=\"https:\/\/lebensart-ulrich.de\/wp-content\/uploads\/2023\/10\/20230403_162818-2-1024x768.jpg\" data-object-fit=\"cover\" srcset=\"https:\/\/lebensart-ulrich.de\/wp-content\/uploads\/2023\/10\/20230403_162818-2-1024x768.jpg 1024w, https:\/\/lebensart-ulrich.de\/wp-content\/uploads\/2023\/10\/20230403_162818-2-300x225.jpg 300w, https:\/\/lebensart-ulrich.de\/wp-content\/uploads\/2023\/10\/20230403_162818-2-768x576.jpg 768w, https:\/\/lebensart-ulrich.de\/wp-content\/uploads\/2023\/10\/20230403_162818-2-1536x1152.jpg 1536w, https:\/\/lebensart-ulrich.de\/wp-content\/uploads\/2023\/10\/20230403_162818-2-2048x1536.jpg 2048w\" sizes=\"auto, (max-width: 1024px) 100vw, 1024px\" \/><span aria-hidden=\"true\" class=\"wp-block-cover__background has-background-dim\"><\/span><div class=\"wp-block-cover__inner-container is-layout-flow wp-block-cover-is-layout-flow\">\n<p class=\"has-text-align-center has-large-font-size\">Ich versuche Kunst nicht zu begrenzen&#8230;<\/p>\n\n\n\n<p class=\"has-text-align-center has-large-font-size\">Ein Bild ist wie ein Anfang einer Geschichte, welche in alle Himmelsrichtungen erz\u00e4hlt werden kann.<\/p>\n\n\n\n<p>Alexandra Ulrich <\/p>\n<\/div><\/div>\n<\/blockquote>\n\n\n\n<p><\/p>\n","protected":false},"excerpt":{"rendered":"<p>Die Kunst der Verbundenheit Die Natur ist mein Atelier, mein R\u00fcckzugsort und meine gr\u00f6\u00dfte Lehrmeisterin. Als Freigeist und Vision\u00e4rin habe ich schon fr\u00fch gelernt, dass wahre Sch\u00f6nheit dort entsteht, wo wir Raum zur Entfaltung finden und diesen nutzen. Nach \u00fcber<\/p>\n","protected":false},"author":1,"featured_media":0,"parent":0,"menu_order":0,"comment_status":"closed","ping_status":"closed","template":"","meta":{"footnotes":""},"class_list":["post-3878","page","type-page","status-publish","hentry"],"_links":{"self":[{"href":"https:\/\/lebensart-ulrich.de\/home\/wp-json\/wp\/v2\/pages\/3878","targetHints":{"allow":["GET"]}}],"collection":[{"href":"https:\/\/lebensart-ulrich.de\/home\/wp-json\/wp\/v2\/pages"}],"about":[{"href":"https:\/\/lebensart-ulrich.de\/home\/wp-json\/wp\/v2\/types\/page"}],"author":[{"embeddable":true,"href":"https:\/\/lebensart-ulrich.de\/home\/wp-json\/wp\/v2\/users\/1"}],"replies":[{"embeddable":true,"href":"https:\/\/lebensart-ulrich.de\/home\/wp-json\/wp\/v2\/comments?post=3878"}],"version-history":[{"count":17,"href":"https:\/\/lebensart-ulrich.de\/home\/wp-json\/wp\/v2\/pages\/3878\/revisions"}],"predecessor-version":[{"id":4183,"href":"https:\/\/lebensart-ulrich.de\/home\/wp-json\/wp\/v2\/pages\/3878\/revisions\/4183"}],"wp:attachment":[{"href":"https:\/\/lebensart-ulrich.de\/home\/wp-json\/wp\/v2\/media?parent=3878"}],"curies":[{"name":"wp","href":"https:\/\/api.w.org\/{rel}","templated":true}]}}