{"id":122,"date":"2022-01-07T09:30:23","date_gmt":"2022-01-07T09:30:23","guid":{"rendered":"https:\/\/lebensart-ulrich.de\/?page_id=122"},"modified":"2026-04-10T10:58:11","modified_gmt":"2026-04-10T08:58:11","slug":"raeumlichkeiten","status":"publish","type":"page","link":"https:\/\/lebensart-ulrich.de\/home\/raeumlichkeiten\/","title":{"rendered":"KURSraum"},"content":{"rendered":"\n<p class=\"has-text-align-center has-luminous-vivid-amber-color has-text-color has-link-color wp-elements-e70794997f5faa32ec98b9e449f96712\"><strong>Dein R\u00fcckzugsort f\u00fcr Kreativit\u00e4t &amp; Entspannung<\/strong><\/p>\n\n\n\n<p>Tritt ein in einen Ort zum Wohlf\u00fchlen. In meinem Kursraum erwartet dich eine Atmosph\u00e4re der Ruhe, die dazu einl\u00e4dt, den Alltag hinter sich zu lassen und ganz bei dir anzukommen. <\/p>\n\n\n\n<p><\/p>\n\n\n\n<p>Hier geht es nicht um Perfektion, sondern um das Erlebnis und die Entspannung. Zwischen Pinseln, Farben und dem Duft von frischem Kaffee (oder Tee) schaffen wir gemeinsam einen Raum, in dem deine Kreativit\u00e4t frei flie\u00dfen kann. <\/p>\n\n\n\n<p><\/p>\n\n\n\n<p>Komm vorbei, atme durch und entdecke, was in in die steckt.<\/p>\n\n\n\n<blockquote class=\"wp-block-quote is-layout-flow wp-block-quote-is-layout-flow\">\n<div class=\"wp-block-cover\"><img loading=\"lazy\" decoding=\"async\" width=\"1024\" height=\"768\" class=\"wp-block-cover__image-background wp-image-2214\" alt=\"\" src=\"https:\/\/lebensart-ulrich.de\/wp-content\/uploads\/2023\/10\/20231022_135048-01-1-1024x768.jpeg\" style=\"object-position:53% 16%\" data-object-fit=\"cover\" data-object-position=\"53% 16%\" srcset=\"https:\/\/lebensart-ulrich.de\/wp-content\/uploads\/2023\/10\/20231022_135048-01-1-1024x768.jpeg 1024w, https:\/\/lebensart-ulrich.de\/wp-content\/uploads\/2023\/10\/20231022_135048-01-1-300x225.jpeg 300w, https:\/\/lebensart-ulrich.de\/wp-content\/uploads\/2023\/10\/20231022_135048-01-1-768x576.jpeg 768w, https:\/\/lebensart-ulrich.de\/wp-content\/uploads\/2023\/10\/20231022_135048-01-1-1536x1152.jpeg 1536w, https:\/\/lebensart-ulrich.de\/wp-content\/uploads\/2023\/10\/20231022_135048-01-1-2048x1536.jpeg 2048w\" sizes=\"auto, (max-width: 1024px) 100vw, 1024px\" \/><span aria-hidden=\"true\" class=\"wp-block-cover__background has-background-dim\"><\/span><div class=\"wp-block-cover__inner-container is-layout-flow wp-block-cover-is-layout-flow\">\n<p class=\"has-text-align-center has-large-font-size\">&#8222;In jedem Moment liegt die Freiheit, ihn zu gestalten&#8220;<\/p>\n<\/div><\/div>\n<\/blockquote>\n\n\n\n<figure class=\"wp-block-gallery has-nested-images columns-default is-cropped wp-block-gallery-1 is-layout-flex wp-block-gallery-is-layout-flex\">\n<figure class=\"wp-block-image size-large\"><img loading=\"lazy\" decoding=\"async\" width=\"450\" height=\"600\" data-id=\"2205\" src=\"https:\/\/lebensart-ulrich.de\/wp-content\/uploads\/2023\/10\/20230112_100332-Eingang.jpeg\" alt=\"\" class=\"wp-image-2205\" srcset=\"https:\/\/lebensart-ulrich.de\/wp-content\/uploads\/2023\/10\/20230112_100332-Eingang.jpeg 450w, https:\/\/lebensart-ulrich.de\/wp-content\/uploads\/2023\/10\/20230112_100332-Eingang-225x300.jpeg 225w\" sizes=\"auto, (max-width: 450px) 100vw, 450px\" \/><figcaption class=\"wp-element-caption\">Eingangsbereich<\/figcaption><\/figure>\n\n\n\n<figure class=\"wp-block-image size-large\"><img loading=\"lazy\" decoding=\"async\" width=\"450\" height=\"600\" data-id=\"2206\" src=\"https:\/\/lebensart-ulrich.de\/wp-content\/uploads\/2023\/10\/20230112_094306-Atmosphaere.jpeg\" alt=\"\" class=\"wp-image-2206\" srcset=\"https:\/\/lebensart-ulrich.de\/wp-content\/uploads\/2023\/10\/20230112_094306-Atmosphaere.jpeg 450w, https:\/\/lebensart-ulrich.de\/wp-content\/uploads\/2023\/10\/20230112_094306-Atmosphaere-225x300.jpeg 225w\" sizes=\"auto, (max-width: 450px) 100vw, 450px\" \/><\/figure>\n\n\n\n<figure class=\"wp-block-image size-large\"><img loading=\"lazy\" decoding=\"async\" width=\"478\" height=\"718\" data-id=\"4276\" src=\"https:\/\/lebensart-ulrich.de\/wp-content\/uploads\/2026\/04\/IMG_20260410_103241.jpg\" alt=\"\" class=\"wp-image-4276\" srcset=\"https:\/\/lebensart-ulrich.de\/wp-content\/uploads\/2026\/04\/IMG_20260410_103241.jpg 478w, https:\/\/lebensart-ulrich.de\/wp-content\/uploads\/2026\/04\/IMG_20260410_103241-200x300.jpg 200w\" sizes=\"auto, (max-width: 478px) 100vw, 478px\" \/><figcaption class=\"wp-element-caption\">KaffeeK\u00fcche<\/figcaption><\/figure>\n\n\n\n<figure class=\"wp-block-image size-large\"><img loading=\"lazy\" decoding=\"async\" width=\"768\" height=\"1024\" data-id=\"2212\" src=\"https:\/\/lebensart-ulrich.de\/wp-content\/uploads\/2023\/10\/20231022_131409-01-768x1024.jpeg\" alt=\"\" class=\"wp-image-2212\" srcset=\"https:\/\/lebensart-ulrich.de\/wp-content\/uploads\/2023\/10\/20231022_131409-01-768x1024.jpeg 768w, https:\/\/lebensart-ulrich.de\/wp-content\/uploads\/2023\/10\/20231022_131409-01-225x300.jpeg 225w, https:\/\/lebensart-ulrich.de\/wp-content\/uploads\/2023\/10\/20231022_131409-01-1152x1536.jpeg 1152w, https:\/\/lebensart-ulrich.de\/wp-content\/uploads\/2023\/10\/20231022_131409-01-1536x2048.jpeg 1536w, https:\/\/lebensart-ulrich.de\/wp-content\/uploads\/2023\/10\/20231022_131409-01-scaled.jpeg 1920w\" sizes=\"auto, (max-width: 768px) 100vw, 768px\" \/><figcaption class=\"wp-element-caption\">Eingangsbereich<\/figcaption><\/figure>\n\n\n\n<figure class=\"wp-block-image alignfull size-full\"><img loading=\"lazy\" decoding=\"async\" width=\"957\" height=\"718\" data-id=\"4275\" src=\"https:\/\/lebensart-ulrich.de\/wp-content\/uploads\/2026\/04\/IMG_20260326_173838-1.jpg\" alt=\"\" class=\"wp-image-4275\" srcset=\"https:\/\/lebensart-ulrich.de\/wp-content\/uploads\/2026\/04\/IMG_20260326_173838-1.jpg 957w, https:\/\/lebensart-ulrich.de\/wp-content\/uploads\/2026\/04\/IMG_20260326_173838-1-300x225.jpg 300w, https:\/\/lebensart-ulrich.de\/wp-content\/uploads\/2026\/04\/IMG_20260326_173838-1-768x576.jpg 768w\" sizes=\"auto, (max-width: 957px) 100vw, 957px\" \/><\/figure>\n\n\n\n<figure class=\"wp-block-image aligncenter size-full\"><img loading=\"lazy\" decoding=\"async\" width=\"539\" height=\"718\" data-id=\"4260\" src=\"https:\/\/lebensart-ulrich.de\/wp-content\/uploads\/2026\/04\/IMG_20260326_173924.jpg\" alt=\"\" class=\"wp-image-4260\" srcset=\"https:\/\/lebensart-ulrich.de\/wp-content\/uploads\/2026\/04\/IMG_20260326_173924.jpg 539w, https:\/\/lebensart-ulrich.de\/wp-content\/uploads\/2026\/04\/IMG_20260326_173924-225x300.jpg 225w\" sizes=\"auto, (max-width: 539px) 100vw, 539px\" \/><figcaption class=\"wp-element-caption\">Kursraum<\/figcaption><\/figure>\n\n\n\n<figure class=\"wp-block-image alignfull size-full\"><img loading=\"lazy\" decoding=\"async\" width=\"1022\" height=\"718\" data-id=\"4274\" src=\"https:\/\/lebensart-ulrich.de\/wp-content\/uploads\/2026\/04\/Screenshot_2026-04-10-10-27-40-172_com.instagram.android-edit.jpg\" alt=\"\" class=\"wp-image-4274\" srcset=\"https:\/\/lebensart-ulrich.de\/wp-content\/uploads\/2026\/04\/Screenshot_2026-04-10-10-27-40-172_com.instagram.android-edit.jpg 1022w, https:\/\/lebensart-ulrich.de\/wp-content\/uploads\/2026\/04\/Screenshot_2026-04-10-10-27-40-172_com.instagram.android-edit-300x211.jpg 300w, https:\/\/lebensart-ulrich.de\/wp-content\/uploads\/2026\/04\/Screenshot_2026-04-10-10-27-40-172_com.instagram.android-edit-768x540.jpg 768w\" sizes=\"auto, (max-width: 1022px) 100vw, 1022px\" \/><\/figure>\n\n\n\n<figure class=\"wp-block-image aligncenter size-full\"><img loading=\"lazy\" decoding=\"async\" width=\"539\" height=\"718\" data-id=\"4264\" src=\"https:\/\/lebensart-ulrich.de\/wp-content\/uploads\/2026\/04\/IMG_20260326_173859.jpg\" alt=\"\" class=\"wp-image-4264\" srcset=\"https:\/\/lebensart-ulrich.de\/wp-content\/uploads\/2026\/04\/IMG_20260326_173859.jpg 539w, https:\/\/lebensart-ulrich.de\/wp-content\/uploads\/2026\/04\/IMG_20260326_173859-225x300.jpg 225w\" sizes=\"auto, (max-width: 539px) 100vw, 539px\" \/><\/figure>\n\n\n\n<figure class=\"wp-block-image size-full\"><img loading=\"lazy\" decoding=\"async\" width=\"539\" height=\"718\" data-id=\"4266\" src=\"https:\/\/lebensart-ulrich.de\/wp-content\/uploads\/2026\/04\/IMG_20260326_173910.jpg\" alt=\"\" class=\"wp-image-4266\" srcset=\"https:\/\/lebensart-ulrich.de\/wp-content\/uploads\/2026\/04\/IMG_20260326_173910.jpg 539w, https:\/\/lebensart-ulrich.de\/wp-content\/uploads\/2026\/04\/IMG_20260326_173910-225x300.jpg 225w\" sizes=\"auto, (max-width: 539px) 100vw, 539px\" \/><figcaption class=\"wp-element-caption\">R\u00fcckzugsBereich\/ kleine Auszeit<\/figcaption><\/figure>\n\n\n\n<figure class=\"wp-block-image size-full\"><img loading=\"lazy\" decoding=\"async\" width=\"531\" height=\"718\" data-id=\"4267\" src=\"https:\/\/lebensart-ulrich.de\/wp-content\/uploads\/2026\/04\/IMG_20260308_173447.jpg\" alt=\"\" class=\"wp-image-4267\" srcset=\"https:\/\/lebensart-ulrich.de\/wp-content\/uploads\/2026\/04\/IMG_20260308_173447.jpg 531w, https:\/\/lebensart-ulrich.de\/wp-content\/uploads\/2026\/04\/IMG_20260308_173447-222x300.jpg 222w\" sizes=\"auto, (max-width: 531px) 100vw, 531px\" \/><figcaption class=\"wp-element-caption\">Gartenmalkurse<\/figcaption><\/figure>\n<\/figure>\n\n\n\n<figure class=\"wp-block-gallery has-nested-images columns-default is-cropped wp-block-gallery-2 is-layout-flex wp-block-gallery-is-layout-flex\">\n<figure class=\"wp-block-image size-full\"><img loading=\"lazy\" decoding=\"async\" width=\"958\" height=\"718\" data-id=\"4272\" src=\"https:\/\/lebensart-ulrich.de\/wp-content\/uploads\/2026\/04\/IMG_20260410_103215.png\" alt=\"\" class=\"wp-image-4272\" srcset=\"https:\/\/lebensart-ulrich.de\/wp-content\/uploads\/2026\/04\/IMG_20260410_103215.png 958w, https:\/\/lebensart-ulrich.de\/wp-content\/uploads\/2026\/04\/IMG_20260410_103215-300x225.png 300w, https:\/\/lebensart-ulrich.de\/wp-content\/uploads\/2026\/04\/IMG_20260410_103215-768x576.png 768w\" sizes=\"auto, (max-width: 958px) 100vw, 958px\" \/><\/figure>\n<\/figure>\n","protected":false},"excerpt":{"rendered":"<p>Dein R\u00fcckzugsort f\u00fcr Kreativit\u00e4t &amp; Entspannung Tritt ein in einen Ort zum Wohlf\u00fchlen. In meinem Kursraum erwartet dich eine Atmosph\u00e4re der Ruhe, die dazu einl\u00e4dt, den Alltag hinter sich zu lassen und ganz bei dir anzukommen. Hier geht es nicht<\/p>\n","protected":false},"author":2,"featured_media":0,"parent":0,"menu_order":0,"comment_status":"closed","ping_status":"closed","template":"","meta":{"footnotes":""},"class_list":["post-122","page","type-page","status-publish","hentry"],"_links":{"self":[{"href":"https:\/\/lebensart-ulrich.de\/home\/wp-json\/wp\/v2\/pages\/122","targetHints":{"allow":["GET"]}}],"collection":[{"href":"https:\/\/lebensart-ulrich.de\/home\/wp-json\/wp\/v2\/pages"}],"about":[{"href":"https:\/\/lebensart-ulrich.de\/home\/wp-json\/wp\/v2\/types\/page"}],"author":[{"embeddable":true,"href":"https:\/\/lebensart-ulrich.de\/home\/wp-json\/wp\/v2\/users\/2"}],"replies":[{"embeddable":true,"href":"https:\/\/lebensart-ulrich.de\/home\/wp-json\/wp\/v2\/comments?post=122"}],"version-history":[{"count":23,"href":"https:\/\/lebensart-ulrich.de\/home\/wp-json\/wp\/v2\/pages\/122\/revisions"}],"predecessor-version":[{"id":4291,"href":"https:\/\/lebensart-ulrich.de\/home\/wp-json\/wp\/v2\/pages\/122\/revisions\/4291"}],"wp:attachment":[{"href":"https:\/\/lebensart-ulrich.de\/home\/wp-json\/wp\/v2\/media?parent=122"}],"curies":[{"name":"wp","href":"https:\/\/api.w.org\/{rel}","templated":true}]}}